{"id":1001,"date":"2024-10-05T16:50:22","date_gmt":"2024-10-05T16:50:22","guid":{"rendered":"https:\/\/cpepabajocinca.es\/?page_id=1001"},"modified":"2024-10-12T16:14:01","modified_gmt":"2024-10-12T16:14:01","slug":"formacion-inicial","status":"publish","type":"page","link":"https:\/\/cpepabajocinca.es\/index.php\/formacion-inicial\/","title":{"rendered":"FIPA"},"content":{"rendered":"<p><section class=\"kc-elm kc-css-548303 kc_row\"><div class=\"kc-row-container  kc-container\"><div class=\"kc-wrap-columns\"><div class=\"kc-elm kc-css-589482 kc_col-sm-12 kc_column kc_col-sm-12\"><div class=\"kc-col-container\">\n<div class=\"kc-elm kc-css-963309 kc-title-wrap \">\n\n\t<h1 class=\"kc_title\">FORMACI\u00d3N INICIAL PARA PERSONAS ADULTAS<\/h1>\n<\/div>\n<\/div><\/div><\/div><\/div><\/section><section class=\"kc-elm kc-css-429006 kc_row\"><div class=\"kc-row-container  kc-container\"><div class=\"kc-wrap-columns\"><div class=\"kc-elm kc-css-478279 kc_col-sm-6 kc_column kc_col-sm-6\"><div class=\"kc-col-container\"><div class=\"kc-elm kc-css-149900 kc_text_block\"><\/p>\n<p><strong>La formaci\u00f3n inicial para personas adultas o FIPA<\/strong>, tiene como finalidad desarrollar las capacidades para la construcci\u00f3n de conocimientos y fomentar la participaci\u00f3n en la vida social, adquiriendo las competencias necesarias para desenvolverse en ella. Comprende desde <strong>la alfabetizaci\u00f3n hasta el<\/strong> <strong>inicio<\/strong> de la Educaci\u00f3n Secundaria Obligatoria. Consta de dos niveles:<\/p>\n<ul>\n<li><strong>Nivel I o de iniciaci\u00f3n<\/strong>. La estructura curricular se articula de modo globalizado en este nivel o de adquisici\u00f3n de las destrezas b\u00e1sicas de lecto-escritura y c\u00e1lculo elemental.<\/li>\n<li><strong>Nivel II o de consolidaci\u00f3n<\/strong> de las destrezas y competencias b\u00e1sicas, con car\u00e1cter interdisciplinar: \u00c1mbito Cient\u00edfico-Tecnol\u00f3gico, \u00c1mbito de la Comunicaci\u00f3n y \u00c1mbito Social.<\/li>\n<\/ul>\n<p><strong>La matr\u00edcula est\u00e1 abierta durante todo el curso.\u00a0<\/strong> \u00a0 \u00a0 \u00a0 \u00a0\u00a0<\/p>\n<p>La superaci\u00f3n de los mismos permitir\u00e1 el acceso a la educaci\u00f3n secundaria para personas adultas \u00a0<strong>(ESPA\/ESPAD)\u00a0<\/strong>o a otros planes educativos y cuyo desarrollo estar\u00e1 marcado por la progresi\u00f3n del adulto,\u00a0<strong>no estableciendo tiempos m\u00e1ximos en la consecuci\u00f3n de las competencias b\u00e1sicas.<\/strong><\/p>\n<p>\n<\/div><\/div><\/div><div class=\"kc-elm kc-css-176256 kc_col-sm-6 kc_column kc_col-sm-6\"><div class=\"kc-col-container\"><div class=\"kc-elm kc-css-611472 kc-animated kc-animate-eff-fadeIn\">\n\t<div class=\"kc-carousel_images kc-elm kc-css-611472 kc-animated kc-animate-eff-fadeIn\">\n\t\n\t\t<div class=\"kc-carousel-images owl-carousel-images kc-sync1 \" data-owl-i-options='{\"items\":\"1\",\"tablet\":\"2\",\"mobile\":\"1\",\"speed\":\"500\",\"navigation\":\"\",\"pagination\":\"yes\",\"autoheight\":\"\",\"progressbar\":\"\",\"delay\":\"8\",\"autoplay\":\"yes\",\"showthumb\":\"\",\"num_thumb\":\"5\"}'>\n\t\n\t\t\t\t\t<div class=\"item\">\n\t\n\t\t\t\t\t\t\t<img decoding=\"async\" src=\"https:\/\/cpepabajocinca.es\/wp-content\/uploads\/2024\/10\/2014-10-17-15-30-15-3.webp\"  alt=\"\"\/>\n\t\n\t\t\t\t\n\t\t\t<\/div>\n\t\n\t\t\t\t\t<div class=\"item\">\n\t\n\t\t\t\t\t\t\t<img decoding=\"async\" src=\"https:\/\/cpepabajocinca.es\/wp-content\/uploads\/2024\/10\/20151120_163210.webp\"  alt=\"\"\/>\n\t\n\t\t\t\t\n\t\t\t<\/div>\n\t\n\t\t\t\t\t<div class=\"item\">\n\t\n\t\t\t\t\t\t\t<img decoding=\"async\" src=\"https:\/\/cpepabajocinca.es\/wp-content\/uploads\/2024\/10\/20151120_155958.webp\"  alt=\"\"\/>\n\t\n\t\t\t\t\n\t\t\t<\/div>\n\t\n\t\t\t\n\t\t<\/div>\n\t\n\t\t\t<\/div>\n<\/div>\n<\/div><\/div><\/div><\/div><\/section><section class=\"kc-elm kc-css-191933 kc_row\"><div class=\"kc-row-container  kc-container\"><div class=\"kc-wrap-columns\"><div class=\"kc-elm kc-css-139853 kc_col-sm-12 kc_column kc_col-sm-12\"><div class=\"kc-col-container\">\n<div class=\"kc-elm kc-css-635094 kc-title-wrap \">\n\n\t<h1 class=\"kc_title\">RECURSOS<\/h1>\n<\/div>\n<div class=\"kc-elm kc-css-934878 kc_text_block\"><\/p>\n<ul>\n<li><a href=\"https:\/\/arbolabc.com\/\">\u00c1rbol ABC. Juegos de vocales y abecedario<\/a><\/li>\n<li><a href=\"https:\/\/clic.xtec.cat\/repo\/index.html?lang=es&#038;prj=venylee1\">Ven a Leer 1,2,3,4,5 y 6 (interactivo)<\/a><\/li>\n<li><a href=\"https:\/\/ptyalcantabria.wordpress.com\/aprendizaje-lecto-escritura-2\/actividades-interactivas-lectoescritura\/\">Actividades interactivas lectoescritura PYTAL<\/a><\/li>\n<li><a href=\"http:\/\/www.newtongue.com\/abc\/\">Newtongue<\/a><a href=\"http:\/\/www.newtongue.com\/abc\/\">:\u00a0Ejercicios para alfabetizaci\u00f3n de adulto<\/a><a href=\"http:\/\/www.newtongue.com\/abc\/\">s<\/a>\u00a0(interactivos).<\/li>\n<li><a href=\"http:\/\/serbal.pntic.mec.es\/ealg0027\/mapasflash.htm\">Mapas interactivos de Espa\u00f1a (f\u00edsicos y pol\u00edticos)<\/a><\/li>\n<\/ul>\n<p><em>Fichas imprimibles<\/em><\/p>\n<ul>\n<li><a href=\"http:\/\/centros.edu.xunta.es\/ceipdefrions\/webantiga\/descarga\/lectoese.htm\">Fichas imprimibles aprendizaje lectoescritura CEIP de Frions<\/a><\/li>\n<li><a href=\"https:\/\/sites.google.com\/site\/gloriadomene\/materialdid%C3%A1ctico\">Material did\u00e1ctico para la alfabetizaci\u00f3n<\/a><\/li>\n<li><a href=\"http:\/\/cepacastuera.juntaextremadura.net\/web\/Fichas_de_lectoescritura.htm\">Fichas de lectoescritura (Cepa Castuera)<\/a><\/li>\n<li><a href=\"http:\/\/www.meduco.org\/?Materiales\">Meduco:<\/a><a href=\"http:\/\/www.meduco.org\/?Materiales\">Material para la ense\u00f1anza del espa\u00f1ol.<\/a><\/li>\n<li><a href=\"http:\/\/www.edu.xunta.gal\/portal\/nahono\">M\u00e9todo de afabetizaci\u00f3n NAHONO<\/a><\/li>\n<li><a href=\"http:\/\/primerodecarlos2.blogspot.com.es\/2015\/10\/fichas-fotocopiables-proyecto-saber.html\">Fichas de Santillana: SABER HACER<\/a><\/li>\n<li><a href=\"http:\/\/familiaycole.com\/2014\/08\/18\/fichas-de-lectura-de-silabas-y-palabras\/\">Familia y cole<\/a><a href=\"http:\/\/familiaycole.com\/2014\/08\/18\/fichas-de-lectura-de-silabas-y-palabras\/\">: Fichas de lectura de s\u00edlabas<\/a><\/li>\n<li><a href=\"http:\/\/arasaac.org\/materiales.php?id_material=983\">S\u00edlabas directas e inversas ARASAAC<\/a><\/li>\n<li><a href=\"https:\/\/drive.google.com\/drive\/folders\/1zTSHFeJoeQ0MMwolXjQ4MMZxaEd218F5?usp=sharing\">Materiales de alfabetizaci\u00f3n CFA El tarongers<\/a><\/li>\n<li><a href=\"https:\/\/9letras.wordpress.com\/\">9 Letras:\u00a0Material para la ense\u00f1anza del espa\u00f1ol<\/a><\/li>\n<li><a href=\"https:\/\/www.mecd.gob.es\/dam\/jcr:54322b47-7708-49fe-b6fe-b8ad5b5690d2\/gatauni-pdf.pdf\">Mis Primeras clases de espa\u00f1ol (MECD)<\/a><\/li>\n<\/ul>\n<p>\n<\/div><\/div><\/div><\/div><\/div><\/section><\/p>\n","protected":false},"excerpt":{"rendered":"","protected":false},"author":2,"featured_media":0,"parent":0,"menu_order":0,"comment_status":"closed","ping_status":"closed","template":"home-panels.php","meta":{"footnotes":""},"class_list":["post-1001","page","type-page","status-publish","hentry","post"],"_links":{"self":[{"href":"https:\/\/cpepabajocinca.es\/index.php\/wp-json\/wp\/v2\/pages\/1001","targetHints":{"allow":["GET"]}}],"collection":[{"href":"https:\/\/cpepabajocinca.es\/index.php\/wp-json\/wp\/v2\/pages"}],"about":[{"href":"https:\/\/cpepabajocinca.es\/index.php\/wp-json\/wp\/v2\/types\/page"}],"author":[{"embeddable":true,"href":"https:\/\/cpepabajocinca.es\/index.php\/wp-json\/wp\/v2\/users\/2"}],"replies":[{"embeddable":true,"href":"https:\/\/cpepabajocinca.es\/index.php\/wp-json\/wp\/v2\/comments?post=1001"}],"version-history":[{"count":28,"href":"https:\/\/cpepabajocinca.es\/index.php\/wp-json\/wp\/v2\/pages\/1001\/revisions"}],"predecessor-version":[{"id":1240,"href":"https:\/\/cpepabajocinca.es\/index.php\/wp-json\/wp\/v2\/pages\/1001\/revisions\/1240"}],"wp:attachment":[{"href":"https:\/\/cpepabajocinca.es\/index.php\/wp-json\/wp\/v2\/media?parent=1001"}],"curies":[{"name":"wp","href":"https:\/\/api.w.org\/{rel}","templated":true}]}}