{"id":2248,"date":"2025-03-29T19:30:16","date_gmt":"2025-03-29T19:30:16","guid":{"rendered":"https:\/\/cpepabajocinca.es\/?page_id=2248"},"modified":"2026-05-01T17:30:46","modified_gmt":"2026-05-01T17:30:46","slug":"poesia-para-llevar","status":"publish","type":"page","link":"https:\/\/cpepabajocinca.es\/index.php\/poesia-para-llevar\/","title":{"rendered":"POES\u00cdA PARA LLEVAR"},"content":{"rendered":"\n<h2 class=\"wp-block-heading\"> Premio \u00abPoes\u00eda para llevar\u00bb para M\u00aa Jes\u00fas Guill\u00e9n Enrech<\/h2>\n\n\n\n<div class=\"wp-block-media-text is-stacked-on-mobile\"><figure class=\"wp-block-media-text__media\"><img loading=\"lazy\" decoding=\"async\" width=\"1024\" height=\"487\" src=\"https:\/\/cpepabajocinca.es\/wp-content\/uploads\/2026\/04\/lppll1920_ogo2-color-1024x487.jpg\" alt=\"\" class=\"wp-image-3152 size-full\" srcset=\"https:\/\/cpepabajocinca.es\/wp-content\/uploads\/2026\/04\/lppll1920_ogo2-color-1024x487.jpg 1024w, https:\/\/cpepabajocinca.es\/wp-content\/uploads\/2026\/04\/lppll1920_ogo2-color-300x143.jpg 300w, https:\/\/cpepabajocinca.es\/wp-content\/uploads\/2026\/04\/lppll1920_ogo2-color-768x365.jpg 768w, https:\/\/cpepabajocinca.es\/wp-content\/uploads\/2026\/04\/lppll1920_ogo2-color.jpg 1130w\" sizes=\"auto, (max-width: 1024px) 100vw, 1024px\" \/><\/figure><div class=\"wp-block-media-text__content\">\n<p>Desde el&nbsp;<strong>CPEPA Bajo Cinca<\/strong>, queremos expresar nuestra m\u00e1s entusiasta enhorabuena a nuestra alumna de inform\u00e1tica en el aula de Zaid\u00edn,&nbsp;<strong>M\u00aa Jes\u00fas Guill\u00e9n Enrech<\/strong>, por haber resultado ganadora del&nbsp;<strong>Tercer Premio<\/strong>&nbsp;en el certamen intercentros del programa&nbsp;<strong>\u00abPoes\u00eda para Llevar\u00bb<\/strong>.<\/p>\n\n\n\n<p>M\u00aa Jes\u00fas ha obtenido este galard\u00f3n en la&nbsp;<strong>Categor\u00eda III (Centros de Adultos)<\/strong>&nbsp;con su poema titulado&nbsp;<strong>\u00abMis manos\u00bb<\/strong>. Esta obra fue la elegida por nuestro claustro de profesores para representar al centro en esta edici\u00f3n, y no podemos estar m\u00e1s satisfechos de que la sensibilidad y el talento de nuestra alumna hayan sido reconocidos.<\/p>\n\n\n\n<p><\/p>\n<\/div><\/div>\n\n\n\n<p>\u2014 <strong>El Claustro de Profesores del CPEPA Bajo Cinca<\/strong><\/p>\n\n\n\n<p><em><strong>\u00abFelicitamos a M\u00aa Jes\u00fas por su creatividad y por demostrarnos que el aprendizaje y la expresi\u00f3n art\u00edstica no tienen l\u00edmites. \u00a1Gracias por hacernos part\u00edcipes de tu talento!\u00bb<\/strong><\/em><\/p>\n\n\n\n<hr class=\"wp-block-separator has-alpha-channel-opacity\"\/>\n\n\n\n<div class=\"wp-block-media-text is-stacked-on-mobile\" style=\"grid-template-columns:45% auto\"><figure class=\"wp-block-media-text__media\"><img loading=\"lazy\" decoding=\"async\" width=\"724\" height=\"1024\" src=\"https:\/\/cpepabajocinca.es\/wp-content\/uploads\/2025\/10\/PPLL-2526_cartel-724x1024.png\" alt=\"\" class=\"wp-image-2658 size-full\" srcset=\"https:\/\/cpepabajocinca.es\/wp-content\/uploads\/2025\/10\/PPLL-2526_cartel-724x1024.png 724w, https:\/\/cpepabajocinca.es\/wp-content\/uploads\/2025\/10\/PPLL-2526_cartel-212x300.png 212w, https:\/\/cpepabajocinca.es\/wp-content\/uploads\/2025\/10\/PPLL-2526_cartel-768x1086.png 768w, https:\/\/cpepabajocinca.es\/wp-content\/uploads\/2025\/10\/PPLL-2526_cartel-1086x1536.png 1086w, https:\/\/cpepabajocinca.es\/wp-content\/uploads\/2025\/10\/PPLL-2526_cartel.png 1414w\" sizes=\"auto, (max-width: 724px) 100vw, 724px\" \/><\/figure><div class=\"wp-block-media-text__content\">\n<p><strong>Nuestro centro participa nuevamente en el programa \u201cPoes\u00eda para Llevar\u201d<\/strong>, una iniciativa en la que actualmente colaboran <strong>130 centros educativos<\/strong> de todo Arag\u00f3n.<\/p>\n\n\n\n<p>El objetivo del programa es <strong>acercar la poes\u00eda al alumnado<\/strong> y fomentar el gusto por la lectura y la creaci\u00f3n literaria. Para ello, el alumnado realiza una <strong>selecci\u00f3n de poemas de autor<\/strong>, trabajando sobre ellos en clase y reflexionando acerca de su contenido, estilo y significado.<\/p>\n\n\n\n<p>Cada centro elige finalmente <strong>un poema representativo<\/strong>, que se convierte en su aportaci\u00f3n al programa. Con ese poema se desarrollan <strong>diversas actividades creativas y did\u00e1cticas<\/strong>.<\/p>\n\n\n\n<p>A lo largo del curso, <strong>cada semana un centro participante comparte su poema<\/strong> con el resto, de manera que todos los centros reciben y trabajan los poemas seleccionados por los dem\u00e1s. As\u00ed, se crea una <strong>red po\u00e9tica colaborativa<\/strong> que une a estudiantes y docentes de toda Arag\u00f3n en torno a la literatura. As\u00ed mismo, el alumnado y profesorado pueden participar con composiciones propias en el apartado de <strong>Concurso de Poes\u00eda<\/strong> que suele fallarse en el mes de marzo.<\/p>\n\n\n\n<p><a href=\"https:\/\/poesiaparallevar.catedu.es\"><strong>https:\/\/poesiaparallevar.catedu.es<\/strong><\/a><\/p>\n\n\n\n<hr class=\"wp-block-separator has-alpha-channel-opacity\"\/>\n<\/div><\/div>\n\n\n\n<hr class=\"wp-block-separator has-alpha-channel-opacity\"\/>\n\n\n\n<p>Dentro del programa <strong>\u201cPoes\u00eda para Llevar\u201d<\/strong> <strong>curso 2025-26<\/strong>, el centro CPEPA Bajo Cinca ha elegido la canci\u00f3n <em><strong>Hoy puede ser un gran d\u00eda<\/strong><\/em>, de <strong><em>Joan Manuel Serrat<\/em><\/strong>, como poema que lo representa. A partir de esta obra, el alumnado ha trabajado el texto en el aula, reflexionando sobre su contenido y significado.<\/p>\n\n\n\n<p><strong>V\u00eddeo de las alumnas del taller de Memoria de Fraga, Belver y Zaid\u00edn<\/strong><\/p>\n\n\n\n<figure class=\"wp-block-video\"><video height=\"1080\" style=\"aspect-ratio: 1080 \/ 1080;\" width=\"1080\" controls src=\"https:\/\/cpepabajocinca.es\/wp-content\/uploads\/2026\/04\/1-Hoy-puede-ser-un-gran-dia.mp4\"><\/video><\/figure>\n\n\n\n<hr class=\"wp-block-separator has-alpha-channel-opacity\"\/>\n\n\n\n<div data-wp-interactive=\"core\/file\" class=\"wp-block-file\"><object data-wp-bind--hidden=\"!state.hasPdfPreview\" hidden class=\"wp-block-file__embed\" data=\"https:\/\/cpepabajocinca.es\/wp-content\/uploads\/2026\/04\/PPLL2526_16D_Joan-Manuel-Serrat-Hoy-puede-ser-un-gran-dia.pdf\" type=\"application\/pdf\" style=\"width:100%;height:600px\" aria-label=\"Incrustado de PPLL2526_16D_Joan Manuel Serrat  \u00abHoy puede ser un gran di\u0301a\u00bb.\"><\/object><a id=\"wp-block-file--media-3d211561-bf66-402b-807a-9054adfe2bad\" href=\"https:\/\/cpepabajocinca.es\/wp-content\/uploads\/2026\/04\/PPLL2526_16D_Joan-Manuel-Serrat-Hoy-puede-ser-un-gran-dia.pdf\">PPLL2526_16D_Joan Manuel Serrat  \u00abHoy puede ser un gran di\u0301a\u00bb<\/a><a href=\"https:\/\/cpepabajocinca.es\/wp-content\/uploads\/2026\/04\/PPLL2526_16D_Joan-Manuel-Serrat-Hoy-puede-ser-un-gran-dia.pdf\" class=\"wp-block-file__button wp-element-button\" download aria-describedby=\"wp-block-file--media-3d211561-bf66-402b-807a-9054adfe2bad\">Descarga<\/a><\/div>\n\n\n\n<div class=\"wp-block-file\"><a id=\"wp-block-file--media-b847e116-729e-4a1d-ae85-2ba7341525fd\" href=\"https:\/\/cpepabajocinca.es\/wp-content\/uploads\/2026\/04\/Propuesta-Didactica-PPLL-Hoy-puede-ser-un-gran-dia-1.docx\">Propuesta Dida\u0301ctica PPLL \u00abHoy puede ser un gran d\u00eda\u00bb<\/a><a href=\"https:\/\/cpepabajocinca.es\/wp-content\/uploads\/2026\/04\/Propuesta-Didactica-PPLL-Hoy-puede-ser-un-gran-dia-1.docx\" class=\"wp-block-file__button wp-element-button\" download aria-describedby=\"wp-block-file--media-b847e116-729e-4a1d-ae85-2ba7341525fd\">Descarga<\/a><\/div>\n\n\n\n<figure class=\"wp-block-gallery has-nested-images columns-default is-cropped wp-block-gallery-1 is-layout-flex wp-block-gallery-is-layout-flex\">\n<figure data-wp-context=\"{&quot;imageId&quot;:&quot;6a020344ee700&quot;}\" data-wp-interactive=\"core\/image\" data-wp-key=\"6a020344ee700\" class=\"wp-block-image size-large wp-lightbox-container\"><img loading=\"lazy\" decoding=\"async\" width=\"768\" height=\"1024\" data-wp-class--hide=\"state.isContentHidden\" data-wp-class--show=\"state.isContentVisible\" data-wp-init=\"callbacks.setButtonStyles\" data-wp-on--click=\"actions.showLightbox\" data-wp-on--load=\"callbacks.setButtonStyles\" data-wp-on-window--resize=\"callbacks.setButtonStyles\" data-id=\"3138\" src=\"https:\/\/cpepabajocinca.es\/wp-content\/uploads\/2026\/04\/IMG_7949-768x1024.jpeg\" alt=\"\" class=\"wp-image-3138\" srcset=\"https:\/\/cpepabajocinca.es\/wp-content\/uploads\/2026\/04\/IMG_7949-768x1024.jpeg 768w, https:\/\/cpepabajocinca.es\/wp-content\/uploads\/2026\/04\/IMG_7949-225x300.jpeg 225w, https:\/\/cpepabajocinca.es\/wp-content\/uploads\/2026\/04\/IMG_7949-1152x1536.jpeg 1152w, https:\/\/cpepabajocinca.es\/wp-content\/uploads\/2026\/04\/IMG_7949-1536x2048.jpeg 1536w, https:\/\/cpepabajocinca.es\/wp-content\/uploads\/2026\/04\/IMG_7949-scaled.jpeg 1920w\" sizes=\"auto, (max-width: 768px) 100vw, 768px\" \/><button\n\t\t\tclass=\"lightbox-trigger\"\n\t\t\ttype=\"button\"\n\t\t\taria-haspopup=\"dialog\"\n\t\t\taria-label=\"Agrandar\"\n\t\t\tdata-wp-init=\"callbacks.initTriggerButton\"\n\t\t\tdata-wp-on--click=\"actions.showLightbox\"\n\t\t\tdata-wp-style--right=\"state.imageButtonRight\"\n\t\t\tdata-wp-style--top=\"state.imageButtonTop\"\n\t\t>\n\t\t\t<svg xmlns=\"http:\/\/www.w3.org\/2000\/svg\" width=\"12\" height=\"12\" fill=\"none\" viewBox=\"0 0 12 12\">\n\t\t\t\t<path fill=\"#fff\" d=\"M2 0a2 2 0 0 0-2 2v2h1.5V2a.5.5 0 0 1 .5-.5h2V0H2Zm2 10.5H2a.5.5 0 0 1-.5-.5V8H0v2a2 2 0 0 0 2 2h2v-1.5ZM8 12v-1.5h2a.5.5 0 0 0 .5-.5V8H12v2a2 2 0 0 1-2 2H8Zm2-12a2 2 0 0 1 2 2v2h-1.5V2a.5.5 0 0 0-.5-.5H8V0h2Z\" \/>\n\t\t\t<\/svg>\n\t\t<\/button><\/figure>\n\n\n\n<figure data-wp-context=\"{&quot;imageId&quot;:&quot;6a020344eeb8d&quot;}\" data-wp-interactive=\"core\/image\" data-wp-key=\"6a020344eeb8d\" class=\"wp-block-image size-large wp-lightbox-container\"><img loading=\"lazy\" decoding=\"async\" width=\"768\" height=\"1024\" data-wp-class--hide=\"state.isContentHidden\" data-wp-class--show=\"state.isContentVisible\" data-wp-init=\"callbacks.setButtonStyles\" data-wp-on--click=\"actions.showLightbox\" data-wp-on--load=\"callbacks.setButtonStyles\" data-wp-on-window--resize=\"callbacks.setButtonStyles\" data-id=\"3137\" src=\"https:\/\/cpepabajocinca.es\/wp-content\/uploads\/2026\/04\/IMG_7946-768x1024.jpeg\" alt=\"\" class=\"wp-image-3137\" srcset=\"https:\/\/cpepabajocinca.es\/wp-content\/uploads\/2026\/04\/IMG_7946-768x1024.jpeg 768w, https:\/\/cpepabajocinca.es\/wp-content\/uploads\/2026\/04\/IMG_7946-225x300.jpeg 225w, https:\/\/cpepabajocinca.es\/wp-content\/uploads\/2026\/04\/IMG_7946-1152x1536.jpeg 1152w, https:\/\/cpepabajocinca.es\/wp-content\/uploads\/2026\/04\/IMG_7946-1536x2048.jpeg 1536w, https:\/\/cpepabajocinca.es\/wp-content\/uploads\/2026\/04\/IMG_7946-scaled.jpeg 1920w\" sizes=\"auto, (max-width: 768px) 100vw, 768px\" \/><button\n\t\t\tclass=\"lightbox-trigger\"\n\t\t\ttype=\"button\"\n\t\t\taria-haspopup=\"dialog\"\n\t\t\taria-label=\"Agrandar\"\n\t\t\tdata-wp-init=\"callbacks.initTriggerButton\"\n\t\t\tdata-wp-on--click=\"actions.showLightbox\"\n\t\t\tdata-wp-style--right=\"state.imageButtonRight\"\n\t\t\tdata-wp-style--top=\"state.imageButtonTop\"\n\t\t>\n\t\t\t<svg xmlns=\"http:\/\/www.w3.org\/2000\/svg\" width=\"12\" height=\"12\" fill=\"none\" viewBox=\"0 0 12 12\">\n\t\t\t\t<path fill=\"#fff\" d=\"M2 0a2 2 0 0 0-2 2v2h1.5V2a.5.5 0 0 1 .5-.5h2V0H2Zm2 10.5H2a.5.5 0 0 1-.5-.5V8H0v2a2 2 0 0 0 2 2h2v-1.5ZM8 12v-1.5h2a.5.5 0 0 0 .5-.5V8H12v2a2 2 0 0 1-2 2H8Zm2-12a2 2 0 0 1 2 2v2h-1.5V2a.5.5 0 0 0-.5-.5H8V0h2Z\" \/>\n\t\t\t<\/svg>\n\t\t<\/button><\/figure>\n\n\n\n<figure data-wp-context=\"{&quot;imageId&quot;:&quot;6a020344eefac&quot;}\" data-wp-interactive=\"core\/image\" data-wp-key=\"6a020344eefac\" class=\"wp-block-image size-large wp-lightbox-container\"><img loading=\"lazy\" decoding=\"async\" width=\"768\" height=\"1024\" data-wp-class--hide=\"state.isContentHidden\" data-wp-class--show=\"state.isContentVisible\" data-wp-init=\"callbacks.setButtonStyles\" data-wp-on--click=\"actions.showLightbox\" data-wp-on--load=\"callbacks.setButtonStyles\" data-wp-on-window--resize=\"callbacks.setButtonStyles\" data-id=\"3136\" src=\"https:\/\/cpepabajocinca.es\/wp-content\/uploads\/2026\/04\/IMG_7952-768x1024.jpeg\" alt=\"\" class=\"wp-image-3136\" srcset=\"https:\/\/cpepabajocinca.es\/wp-content\/uploads\/2026\/04\/IMG_7952-768x1024.jpeg 768w, https:\/\/cpepabajocinca.es\/wp-content\/uploads\/2026\/04\/IMG_7952-225x300.jpeg 225w, https:\/\/cpepabajocinca.es\/wp-content\/uploads\/2026\/04\/IMG_7952-1152x1536.jpeg 1152w, https:\/\/cpepabajocinca.es\/wp-content\/uploads\/2026\/04\/IMG_7952-1536x2048.jpeg 1536w, https:\/\/cpepabajocinca.es\/wp-content\/uploads\/2026\/04\/IMG_7952-scaled.jpeg 1920w\" sizes=\"auto, (max-width: 768px) 100vw, 768px\" \/><button\n\t\t\tclass=\"lightbox-trigger\"\n\t\t\ttype=\"button\"\n\t\t\taria-haspopup=\"dialog\"\n\t\t\taria-label=\"Agrandar\"\n\t\t\tdata-wp-init=\"callbacks.initTriggerButton\"\n\t\t\tdata-wp-on--click=\"actions.showLightbox\"\n\t\t\tdata-wp-style--right=\"state.imageButtonRight\"\n\t\t\tdata-wp-style--top=\"state.imageButtonTop\"\n\t\t>\n\t\t\t<svg xmlns=\"http:\/\/www.w3.org\/2000\/svg\" width=\"12\" height=\"12\" fill=\"none\" viewBox=\"0 0 12 12\">\n\t\t\t\t<path fill=\"#fff\" d=\"M2 0a2 2 0 0 0-2 2v2h1.5V2a.5.5 0 0 1 .5-.5h2V0H2Zm2 10.5H2a.5.5 0 0 1-.5-.5V8H0v2a2 2 0 0 0 2 2h2v-1.5ZM8 12v-1.5h2a.5.5 0 0 0 .5-.5V8H12v2a2 2 0 0 1-2 2H8Zm2-12a2 2 0 0 1 2 2v2h-1.5V2a.5.5 0 0 0-.5-.5H8V0h2Z\" \/>\n\t\t\t<\/svg>\n\t\t<\/button><\/figure>\n\n\n\n<figure data-wp-context=\"{&quot;imageId&quot;:&quot;6a020344ef409&quot;}\" data-wp-interactive=\"core\/image\" data-wp-key=\"6a020344ef409\" class=\"wp-block-image size-large wp-lightbox-container\"><img loading=\"lazy\" decoding=\"async\" width=\"768\" height=\"1024\" data-wp-class--hide=\"state.isContentHidden\" data-wp-class--show=\"state.isContentVisible\" data-wp-init=\"callbacks.setButtonStyles\" data-wp-on--click=\"actions.showLightbox\" data-wp-on--load=\"callbacks.setButtonStyles\" data-wp-on-window--resize=\"callbacks.setButtonStyles\" data-id=\"3135\" src=\"https:\/\/cpepabajocinca.es\/wp-content\/uploads\/2026\/04\/IMG_7960-768x1024.jpeg\" alt=\"\" class=\"wp-image-3135\" srcset=\"https:\/\/cpepabajocinca.es\/wp-content\/uploads\/2026\/04\/IMG_7960-768x1024.jpeg 768w, https:\/\/cpepabajocinca.es\/wp-content\/uploads\/2026\/04\/IMG_7960-225x300.jpeg 225w, https:\/\/cpepabajocinca.es\/wp-content\/uploads\/2026\/04\/IMG_7960-1152x1536.jpeg 1152w, https:\/\/cpepabajocinca.es\/wp-content\/uploads\/2026\/04\/IMG_7960-1536x2048.jpeg 1536w, https:\/\/cpepabajocinca.es\/wp-content\/uploads\/2026\/04\/IMG_7960-scaled.jpeg 1920w\" sizes=\"auto, (max-width: 768px) 100vw, 768px\" \/><button\n\t\t\tclass=\"lightbox-trigger\"\n\t\t\ttype=\"button\"\n\t\t\taria-haspopup=\"dialog\"\n\t\t\taria-label=\"Agrandar\"\n\t\t\tdata-wp-init=\"callbacks.initTriggerButton\"\n\t\t\tdata-wp-on--click=\"actions.showLightbox\"\n\t\t\tdata-wp-style--right=\"state.imageButtonRight\"\n\t\t\tdata-wp-style--top=\"state.imageButtonTop\"\n\t\t>\n\t\t\t<svg xmlns=\"http:\/\/www.w3.org\/2000\/svg\" width=\"12\" height=\"12\" fill=\"none\" viewBox=\"0 0 12 12\">\n\t\t\t\t<path fill=\"#fff\" d=\"M2 0a2 2 0 0 0-2 2v2h1.5V2a.5.5 0 0 1 .5-.5h2V0H2Zm2 10.5H2a.5.5 0 0 1-.5-.5V8H0v2a2 2 0 0 0 2 2h2v-1.5ZM8 12v-1.5h2a.5.5 0 0 0 .5-.5V8H12v2a2 2 0 0 1-2 2H8Zm2-12a2 2 0 0 1 2 2v2h-1.5V2a.5.5 0 0 0-.5-.5H8V0h2Z\" \/>\n\t\t\t<\/svg>\n\t\t<\/button><\/figure>\n\n\n\n<figure data-wp-context=\"{&quot;imageId&quot;:&quot;6a020344ef854&quot;}\" data-wp-interactive=\"core\/image\" data-wp-key=\"6a020344ef854\" class=\"wp-block-image size-large wp-lightbox-container\"><img loading=\"lazy\" decoding=\"async\" width=\"768\" height=\"1024\" data-wp-class--hide=\"state.isContentHidden\" data-wp-class--show=\"state.isContentVisible\" data-wp-init=\"callbacks.setButtonStyles\" data-wp-on--click=\"actions.showLightbox\" data-wp-on--load=\"callbacks.setButtonStyles\" data-wp-on-window--resize=\"callbacks.setButtonStyles\" data-id=\"3134\" src=\"https:\/\/cpepabajocinca.es\/wp-content\/uploads\/2026\/04\/IMG_7962-768x1024.jpeg\" alt=\"\" class=\"wp-image-3134\" srcset=\"https:\/\/cpepabajocinca.es\/wp-content\/uploads\/2026\/04\/IMG_7962-768x1024.jpeg 768w, https:\/\/cpepabajocinca.es\/wp-content\/uploads\/2026\/04\/IMG_7962-225x300.jpeg 225w, https:\/\/cpepabajocinca.es\/wp-content\/uploads\/2026\/04\/IMG_7962-1152x1536.jpeg 1152w, https:\/\/cpepabajocinca.es\/wp-content\/uploads\/2026\/04\/IMG_7962-1536x2048.jpeg 1536w, https:\/\/cpepabajocinca.es\/wp-content\/uploads\/2026\/04\/IMG_7962-scaled.jpeg 1920w\" sizes=\"auto, (max-width: 768px) 100vw, 768px\" \/><button\n\t\t\tclass=\"lightbox-trigger\"\n\t\t\ttype=\"button\"\n\t\t\taria-haspopup=\"dialog\"\n\t\t\taria-label=\"Agrandar\"\n\t\t\tdata-wp-init=\"callbacks.initTriggerButton\"\n\t\t\tdata-wp-on--click=\"actions.showLightbox\"\n\t\t\tdata-wp-style--right=\"state.imageButtonRight\"\n\t\t\tdata-wp-style--top=\"state.imageButtonTop\"\n\t\t>\n\t\t\t<svg xmlns=\"http:\/\/www.w3.org\/2000\/svg\" width=\"12\" height=\"12\" fill=\"none\" viewBox=\"0 0 12 12\">\n\t\t\t\t<path fill=\"#fff\" d=\"M2 0a2 2 0 0 0-2 2v2h1.5V2a.5.5 0 0 1 .5-.5h2V0H2Zm2 10.5H2a.5.5 0 0 1-.5-.5V8H0v2a2 2 0 0 0 2 2h2v-1.5ZM8 12v-1.5h2a.5.5 0 0 0 .5-.5V8H12v2a2 2 0 0 1-2 2H8Zm2-12a2 2 0 0 1 2 2v2h-1.5V2a.5.5 0 0 0-.5-.5H8V0h2Z\" \/>\n\t\t\t<\/svg>\n\t\t<\/button><\/figure>\n<\/figure>\n\n\n\n<hr class=\"wp-block-separator has-alpha-channel-opacity\"\/>\n\n\n\n<div class=\"wp-block-media-text is-stacked-on-mobile\"><figure class=\"wp-block-media-text__media\"><img loading=\"lazy\" decoding=\"async\" width=\"724\" height=\"1024\" src=\"https:\/\/cpepabajocinca.es\/wp-content\/uploads\/2026\/03\/Ma-Jesus-Guillen-Mis-manos_page-0001-724x1024.jpg\" alt=\"\" class=\"wp-image-3056 size-full\" srcset=\"https:\/\/cpepabajocinca.es\/wp-content\/uploads\/2026\/03\/Ma-Jesus-Guillen-Mis-manos_page-0001-724x1024.jpg 724w, https:\/\/cpepabajocinca.es\/wp-content\/uploads\/2026\/03\/Ma-Jesus-Guillen-Mis-manos_page-0001-212x300.jpg 212w, https:\/\/cpepabajocinca.es\/wp-content\/uploads\/2026\/03\/Ma-Jesus-Guillen-Mis-manos_page-0001-768x1086.jpg 768w, https:\/\/cpepabajocinca.es\/wp-content\/uploads\/2026\/03\/Ma-Jesus-Guillen-Mis-manos_page-0001-1086x1536.jpg 1086w, https:\/\/cpepabajocinca.es\/wp-content\/uploads\/2026\/03\/Ma-Jesus-Guillen-Mis-manos_page-0001.jpg 1241w\" sizes=\"auto, (max-width: 724px) 100vw, 724px\" \/><\/figure><div class=\"wp-block-media-text__content\">\n<p>En cuanto al concurso de poemas creados por el alumnado, este curso 2025-26 los ganadores han sido los siguientes:<\/p>\n\n\n\n<p>\ud83c\udfc6 <strong>Primer premio<\/strong>: <strong>M\u00aa Jes\u00fas Guill\u00e9n<\/strong>, del grupo de Memoria de Zaid\u00edn, con el poema <strong><em>\u201cMis manos\u201d<\/em>.<\/strong><\/p>\n\n\n\n<p>\ud83c\udf05 <strong>Acc\u00e9sits<\/strong>:<\/p>\n\n\n\n<ul class=\"wp-block-list\">\n<li><strong><em>\u201cPuesta de sol\u201d<\/em>, de M\u00aa Jes\u00fas Casado<\/strong> (grupo de Memoria de Belver de Cinca).<\/li>\n\n\n\n<li><strong><em>\u201cBurbujas de dolor\u201d<\/em>, de Mercedes Pueyo<\/strong> (grupo de Memoria de Candasnos).<\/li>\n<\/ul>\n\n\n\n<p><\/p>\n\n\n\n<p><\/p>\n\n\n\n<figure class=\"wp-block-gallery has-nested-images columns-default is-cropped wp-block-gallery-2 is-layout-flex wp-block-gallery-is-layout-flex\">\n<figure class=\"wp-block-image size-large\"><img loading=\"lazy\" decoding=\"async\" width=\"768\" height=\"1024\" data-id=\"3159\" src=\"https:\/\/cpepabajocinca.es\/wp-content\/uploads\/2026\/04\/WhatsApp-Image-2026-03-26-at-20.20.48-768x1024.jpeg\" alt=\"\" class=\"wp-image-3159\" srcset=\"https:\/\/cpepabajocinca.es\/wp-content\/uploads\/2026\/04\/WhatsApp-Image-2026-03-26-at-20.20.48-768x1024.jpeg 768w, https:\/\/cpepabajocinca.es\/wp-content\/uploads\/2026\/04\/WhatsApp-Image-2026-03-26-at-20.20.48-225x300.jpeg 225w, https:\/\/cpepabajocinca.es\/wp-content\/uploads\/2026\/04\/WhatsApp-Image-2026-03-26-at-20.20.48-1152x1536.jpeg 1152w, https:\/\/cpepabajocinca.es\/wp-content\/uploads\/2026\/04\/WhatsApp-Image-2026-03-26-at-20.20.48.jpeg 1530w\" sizes=\"auto, (max-width: 768px) 100vw, 768px\" \/><\/figure>\n<\/figure>\n<\/div><\/div>\n\n\n\n<hr class=\"wp-block-separator has-alpha-channel-opacity\"\/>\n\n\n\n<hr class=\"wp-block-separator has-alpha-channel-opacity\"\/>\n\n\n\n<div class=\"wp-block-media-text is-stacked-on-mobile\"><figure class=\"wp-block-media-text__media\"><img loading=\"lazy\" decoding=\"async\" width=\"768\" height=\"1024\" src=\"https:\/\/cpepabajocinca.es\/wp-content\/uploads\/2025\/05\/IMG_20240205_134956-768x1024.jpg\" alt=\"\" class=\"wp-image-2376 size-full\" srcset=\"https:\/\/cpepabajocinca.es\/wp-content\/uploads\/2025\/05\/IMG_20240205_134956-768x1024.jpg 768w, https:\/\/cpepabajocinca.es\/wp-content\/uploads\/2025\/05\/IMG_20240205_134956-225x300.jpg 225w, https:\/\/cpepabajocinca.es\/wp-content\/uploads\/2025\/05\/IMG_20240205_134956-1152x1536.jpg 1152w, https:\/\/cpepabajocinca.es\/wp-content\/uploads\/2025\/05\/IMG_20240205_134956-1536x2048.jpg 1536w, https:\/\/cpepabajocinca.es\/wp-content\/uploads\/2025\/05\/IMG_20240205_134956-scaled.jpg 1920w\" sizes=\"auto, (max-width: 768px) 100vw, 768px\" \/><\/figure><div class=\"wp-block-media-text__content\">\n<p>Este curso <strong>2024-25<\/strong>, el CPEPA Bajo Cinca invita a leer&nbsp;<strong>\u00abRiqueza\u00bb<\/strong>, un&nbsp; profundo poema de <strong>Gabriela Mistral<\/strong>, la gran poeta chilena y participar de las actividades propuestas.<\/p>\n\n\n\n<p class=\"has-background\" style=\"background-color:#d3ca85\"><a href=\"https:\/\/drive.google.com\/drive\/folders\/13LWrCO-19TKwPvds5kZIlEWZsPGdfAFL\" data-type=\"link\" data-id=\"https:\/\/drive.google.com\/drive\/folders\/13LWrCO-19TKwPvds5kZIlEWZsPGdfAFL\" target=\"_blank\" rel=\"noreferrer noopener\"><strong>Actividades CPEPA Bajo Cinca<\/strong><\/a><\/p>\n\n\n\n<p class=\"has-background\" style=\"background-color:#a6d0d0\"><strong><a href=\"https:\/\/docs.google.com\/document\/d\/1LDZNOVHX5fkuroRLCVk7iGhmXj8BO51lrlw60kjYFvw\/edit?tab=t.0\" data-type=\"link\" data-id=\"https:\/\/docs.google.com\/document\/d\/1LDZNOVHX5fkuroRLCVk7iGhmXj8BO51lrlw60kjYFvw\/edit?tab=t.0\" target=\"_blank\" rel=\"noreferrer noopener\">Poema Riqueza<\/a><\/strong><\/p>\n\n\n\n<p class=\"has-background\" style=\"background-color:#e3d8ed\">El poema ganador entre nuestro alumnado ha sido de <strong>Carmen Ciscar <a href=\"https:\/\/docs.google.com\/document\/d\/1SnFRipyLbhzj4LGx3L3kCqxeFV5Pw21H\/edit\" data-type=\"link\" data-id=\"https:\/\/docs.google.com\/document\/d\/1SnFRipyLbhzj4LGx3L3kCqxeFV5Pw21H\/edit\" target=\"_blank\" rel=\"noreferrer noopener\">\u00abAusencia\u00bb<\/a><\/strong><\/p>\n\n\n\n<p><\/p>\n<\/div><\/div>\n\n\n\n<p><\/p>\n","protected":false},"excerpt":{"rendered":"<p>Premio \u00abPoes\u00eda para llevar\u00bb para M\u00aa Jes\u00fas Guill\u00e9n Enrech Desde el&nbsp;CPEPA Bajo Cinca, queremos expresar nuestra m\u00e1s entusiasta enhorabuena a nuestra alumna de inform\u00e1tica en el aula de Zaid\u00edn,&nbsp;M\u00aa Jes\u00fas Guill\u00e9n Enrech, por haber resultado ganadora del&nbsp;Tercer Premio&nbsp;en el certamen intercentros del programa&nbsp;\u00abPoes\u00eda para Llevar\u00bb. M\u00aa Jes\u00fas ha obtenido este galard\u00f3n en la&nbsp;Categor\u00eda III (Centros [&hellip;]<\/p>\n","protected":false},"author":2,"featured_media":2374,"parent":0,"menu_order":0,"comment_status":"closed","ping_status":"closed","template":"","meta":{"footnotes":""},"class_list":["post-2248","page","type-page","status-publish","has-post-thumbnail","hentry","post","post-with-thumbnail","post-with-thumbnail-icon"],"_links":{"self":[{"href":"https:\/\/cpepabajocinca.es\/index.php\/wp-json\/wp\/v2\/pages\/2248","targetHints":{"allow":["GET"]}}],"collection":[{"href":"https:\/\/cpepabajocinca.es\/index.php\/wp-json\/wp\/v2\/pages"}],"about":[{"href":"https:\/\/cpepabajocinca.es\/index.php\/wp-json\/wp\/v2\/types\/page"}],"author":[{"embeddable":true,"href":"https:\/\/cpepabajocinca.es\/index.php\/wp-json\/wp\/v2\/users\/2"}],"replies":[{"embeddable":true,"href":"https:\/\/cpepabajocinca.es\/index.php\/wp-json\/wp\/v2\/comments?post=2248"}],"version-history":[{"count":27,"href":"https:\/\/cpepabajocinca.es\/index.php\/wp-json\/wp\/v2\/pages\/2248\/revisions"}],"predecessor-version":[{"id":3209,"href":"https:\/\/cpepabajocinca.es\/index.php\/wp-json\/wp\/v2\/pages\/2248\/revisions\/3209"}],"wp:featuredmedia":[{"embeddable":true,"href":"https:\/\/cpepabajocinca.es\/index.php\/wp-json\/wp\/v2\/media\/2374"}],"wp:attachment":[{"href":"https:\/\/cpepabajocinca.es\/index.php\/wp-json\/wp\/v2\/media?parent=2248"}],"curies":[{"name":"wp","href":"https:\/\/api.w.org\/{rel}","templated":true}]}}