{"id":995,"date":"2024-10-05T16:34:58","date_gmt":"2024-10-05T16:34:58","guid":{"rendered":"https:\/\/cpepabajocinca.es\/?page_id=995"},"modified":"2025-10-23T19:30:13","modified_gmt":"2025-10-23T19:30:13","slug":"espa-espad","status":"publish","type":"page","link":"https:\/\/cpepabajocinca.es\/index.php\/espa-espad\/","title":{"rendered":"ESPA \/ ESPAD"},"content":{"rendered":"<p><section class=\"kc-elm kc-css-263439 kc_row\"><div class=\"kc-row-container  kc-container\"><div class=\"kc-wrap-columns\"><div class=\"kc-elm kc-css-764079 kc_col-sm-12 kc_column kc_col-sm-12\"><div class=\"kc-col-container\"><div class=\"kc-elm kc-css-219809\" style=\"height: 10px; clear: both; width:100%;\"><\/div><\/div><\/div><\/div><\/div><\/section><section class=\"kc-elm kc-css-719486 kc_row\"><div class=\"kc-row-container  kc-container\"><div class=\"kc-wrap-columns\"><div class=\"kc-elm kc-css-931120 kc_col-sm-6 kc_column kc_col-sm-6\"><div class=\"kc-col-container\"><div class=\"kc-elm kc-css-642707 kc_text_block\"><\/p>\n<p><strong>ESPA y ESPAD<\/strong> son ense\u00f1anzas que est\u00e1n dirigidas a la <strong>obtenci\u00f3n del t\u00edtulo de Graduado\/a en Educaci\u00f3n Secundaria Obligatoria<\/strong> para personas mayores de dieciocho a\u00f1os. Actualmente puede cursarse en las modalidades presencial (ESPA) y a distancia (ESPAD).<\/p>\n<p>Este t\u00edtulo da acceso al Bachillerato, a los Ciclos de Formaci\u00f3n Profesional de Grado Medio y a los Certificados de Profesionalidad de Nivel 2.<br \/>Dichos cursos se distribuyen en 4 bloques (1\u00ba ,2\u00ba ,3\u00ba y 4\u00ba ) de duraci\u00f3n cuatrimestral.<\/p>\n<p><a href=\"https:\/\/educa.aragon.es\/documents\/20126\/2904290\/ORDEN+ECD+891+2024+%281%29.pdf\/52ff9246-cd54-4bfa-7075-d80045861dcf?t=1723187868595\">Nuevo curr\u00edculo de la Educaci\u00f3n Secundaria para Personas Adultas.<\/a><\/p>\n<p>Las materias que se imparten por bloque son:\u00a0Lengua y Literatura, Matem\u00e1ticas, Ingl\u00e9s, Ciencias Naturales y Sociales.<\/p>\n<ul>\n<\/ul>\n<p>\n<\/div><div class=\"kc-elm kc-css-103542 kc_text_block\"><\/p>\n<p>X<\/p>\n<p>\n<\/div><\/div><\/div><div class=\"kc-elm kc-css-302484 kc_col-sm-6 kc_column kc_col-sm-6\"><div class=\"kc-col-container\"><div class=\"kc-elm kc-css-437039 kc-animated kc-animate-eff-fadeIn\">\n\t<div class=\"kc-carousel_images kc-elm kc-css-437039 kc-animated kc-animate-eff-fadeIn\">\n\t\n\t\t<div class=\"kc-carousel-images owl-carousel-images kc-sync1 \" data-owl-i-options='{\"items\":\"1\",\"tablet\":\"2\",\"mobile\":\"1\",\"speed\":\"500\",\"navigation\":\"\",\"pagination\":\"yes\",\"autoheight\":\"\",\"progressbar\":\"\",\"delay\":\"8\",\"autoplay\":\"yes\",\"showthumb\":\"\",\"num_thumb\":\"5\"}'>\n\t\n\t\t\t\t\t<div class=\"item\">\n\t\n\t\t\t<a class=\"kc-image-link kc-pretty-photo\" data-lightbox=\"kc-lightbox\" rel=\"prettyPhoto[437039]\" href=\"https:\/\/cpepabajocinca.es\/wp-content\/uploads\/2024\/11\/1729602448445-1-scaled.jpg\"><img decoding=\"async\" src=\"https:\/\/cpepabajocinca.es\/wp-content\/uploads\/2024\/11\/1729602448445-1-scaled.jpg\" alt=\"\" \/><\/a>\t\n\t\t\t<\/div>\n\t\n\t\t\t\t\t<div class=\"item\">\n\t\n\t\t\t<a class=\"kc-image-link kc-pretty-photo\" data-lightbox=\"kc-lightbox\" rel=\"prettyPhoto[437039]\" href=\"https:\/\/cpepabajocinca.es\/wp-content\/uploads\/2024\/10\/image1-scaled.jpg\"><img decoding=\"async\" src=\"https:\/\/cpepabajocinca.es\/wp-content\/uploads\/2024\/10\/image1-scaled.jpg\" alt=\"\" \/><\/a>\t\n\t\t\t<\/div>\n\t\n\t\t\t\t\t<div class=\"item\">\n\t\n\t\t\t<a class=\"kc-image-link kc-pretty-photo\" data-lightbox=\"kc-lightbox\" rel=\"prettyPhoto[437039]\" href=\"https:\/\/cpepabajocinca.es\/wp-content\/uploads\/2024\/10\/2015-02-16-20-09-36-scaled.jpg\"><img decoding=\"async\" src=\"https:\/\/cpepabajocinca.es\/wp-content\/uploads\/2024\/10\/2015-02-16-20-09-36-scaled.jpg\" alt=\"\" \/><\/a>\t\n\t\t\t<\/div>\n\t\n\t\t\t\n\t\t<\/div>\n\t\n\t\t\t<\/div>\n<\/div>\n<\/div><\/div><\/div><\/div><\/section><\/p>\n","protected":false},"excerpt":{"rendered":"","protected":false},"author":2,"featured_media":0,"parent":0,"menu_order":0,"comment_status":"closed","ping_status":"closed","template":"","meta":{"footnotes":""},"class_list":["post-995","page","type-page","status-publish","hentry","post"],"_links":{"self":[{"href":"https:\/\/cpepabajocinca.es\/index.php\/wp-json\/wp\/v2\/pages\/995","targetHints":{"allow":["GET"]}}],"collection":[{"href":"https:\/\/cpepabajocinca.es\/index.php\/wp-json\/wp\/v2\/pages"}],"about":[{"href":"https:\/\/cpepabajocinca.es\/index.php\/wp-json\/wp\/v2\/types\/page"}],"author":[{"embeddable":true,"href":"https:\/\/cpepabajocinca.es\/index.php\/wp-json\/wp\/v2\/users\/2"}],"replies":[{"embeddable":true,"href":"https:\/\/cpepabajocinca.es\/index.php\/wp-json\/wp\/v2\/comments?post=995"}],"version-history":[{"count":20,"href":"https:\/\/cpepabajocinca.es\/index.php\/wp-json\/wp\/v2\/pages\/995\/revisions"}],"predecessor-version":[{"id":2685,"href":"https:\/\/cpepabajocinca.es\/index.php\/wp-json\/wp\/v2\/pages\/995\/revisions\/2685"}],"wp:attachment":[{"href":"https:\/\/cpepabajocinca.es\/index.php\/wp-json\/wp\/v2\/media?parent=995"}],"curies":[{"name":"wp","href":"https:\/\/api.w.org\/{rel}","templated":true}]}}